{"id":4539,"date":"2024-11-15T06:58:53","date_gmt":"2024-11-15T11:58:53","guid":{"rendered":"https:\/\/aamac.ca\/?page_id=4539"},"modified":"2026-03-02T15:19:53","modified_gmt":"2026-03-02T20:19:53","slug":"tree-of-life","status":"publish","type":"page","link":"https:\/\/aamac.ca\/fr\/tree-of-life\/","title":{"rendered":"Tree of Life"},"content":{"rendered":"<p class=\"qtranxs-available-languages-message qtranxs-available-languages-message-fr\">D\u00e9sol\u00e9, cet article est seulement disponible en <a href=\"https:\/\/aamac.ca\/en\/wp-json\/wp\/v2\/pages\/4539\" class=\"qtranxs-available-language-link qtranxs-available-language-link-en\" title=\"English\">Anglais Am\u00e9ricain<\/a>.<\/p><p>The Tree of Life (pictured below) is a way of recognizing those who have been affected by aplastic anemia, myelodysplasia, or PNH. You may make a tax-deductible donation of $150 to have a special person&rsquo;s name inscribed on the tree, either in their honour or in their memory.<\/p>\n<p>Please contact us to learn more about the Tree of Life.<\/p>","protected":false},"excerpt":{"rendered":"<p>D\u00e9sol\u00e9, cet article est seulement disponible en Anglais Am\u00e9ricain.The Tree of Life (pictured below) is a way of recognizing those who have been affected by aplastic anemia, myelodysplasia, or PNH. You may make a tax-deductible donation of $150 to have a special person&rsquo;s name inscribed on the tree, either in their honour or in their [&hellip;]<\/p>\n","protected":false},"author":3,"featured_media":0,"parent":0,"menu_order":0,"comment_status":"closed","ping_status":"closed","template":"","meta":{"inline_featured_image":false,"footnotes":""},"acf":[],"aioseo_notices":[],"_links":{"self":[{"href":"https:\/\/aamac.ca\/fr\/wp-json\/wp\/v2\/pages\/4539"}],"collection":[{"href":"https:\/\/aamac.ca\/fr\/wp-json\/wp\/v2\/pages"}],"about":[{"href":"https:\/\/aamac.ca\/fr\/wp-json\/wp\/v2\/types\/page"}],"author":[{"embeddable":true,"href":"https:\/\/aamac.ca\/fr\/wp-json\/wp\/v2\/users\/3"}],"replies":[{"embeddable":true,"href":"https:\/\/aamac.ca\/fr\/wp-json\/wp\/v2\/comments?post=4539"}],"version-history":[{"count":21,"href":"https:\/\/aamac.ca\/fr\/wp-json\/wp\/v2\/pages\/4539\/revisions"}],"predecessor-version":[{"id":4723,"href":"https:\/\/aamac.ca\/fr\/wp-json\/wp\/v2\/pages\/4539\/revisions\/4723"}],"wp:attachment":[{"href":"https:\/\/aamac.ca\/fr\/wp-json\/wp\/v2\/media?parent=4539"}],"curies":[{"name":"wp","href":"https:\/\/api.w.org\/{rel}","templated":true}]}}