{"id":4365,"date":"2024-01-31T18:33:13","date_gmt":"2024-01-31T23:33:13","guid":{"rendered":"https:\/\/aamac.ca\/?page_id=4365"},"modified":"2026-03-02T16:15:04","modified_gmt":"2026-03-02T21:15:04","slug":"patient-tracker","status":"publish","type":"page","link":"https:\/\/aamac.ca\/fr\/patient-tracker\/","title":{"rendered":"Carnet de route"},"content":{"rendered":"<p><a href=\"https:\/\/aamac.ca\/wp-content\/uploads\/2024\/01\/Carnet-de-route-2024-1-e1706741528536.png\"><img loading=\"lazy\" decoding=\"async\" class=\"wp-image-4351 aligncenter\" src=\"https:\/\/aamac.ca\/wp-content\/uploads\/2024\/01\/Carnet-de-route-2024-1-1024x663.png\" alt=\"\" width=\"645\" height=\"418\" \/><\/a><\/p>\n<p><strong>Carnet de route 2024<\/strong><\/p>\n<p><em>Le Carnet de route a \u00e9t\u00e9 con\u00e7u pour vous aider \u00e0 \u00eatre un partenaire actif dans vos soins de sant\u00e9. Il vous aidera \u00e0 tenir \u00e0 jour les coordonn\u00e9es de tous vos contacts importants, et \u00e0 noter vos rendez-vous, vos r\u00e9sultats d\u2019examens, anisi que tous vos traitements.<\/em><\/p>\n<p>Veuillez remplir le bon de commande ci-dessous ou envoyer un courriel \u00e0\u00a0<a href=\"mailto:info@aamac.ca\">info@aamac.ca<\/a>\u00a0en indiquant votre nom et votre adresse postale et une copie vous sera envoy\u00e9e.<\/p>","protected":false},"excerpt":{"rendered":"<p>Carnet de route 2024 Le Carnet de route a \u00e9t\u00e9 con\u00e7u pour vous aider \u00e0 \u00eatre un partenaire actif dans vos soins de sant\u00e9. Il vous aidera \u00e0 tenir \u00e0 jour les coordonn\u00e9es de tous vos contacts importants, et \u00e0 noter vos rendez-vous, vos r\u00e9sultats d\u2019examens, anisi que tous vos traitements. Veuillez remplir le bon [&hellip;]<\/p>\n","protected":false},"author":2,"featured_media":0,"parent":0,"menu_order":0,"comment_status":"closed","ping_status":"closed","template":"","meta":{"inline_featured_image":false,"footnotes":""},"acf":[],"aioseo_notices":[],"_links":{"self":[{"href":"https:\/\/aamac.ca\/fr\/wp-json\/wp\/v2\/pages\/4365"}],"collection":[{"href":"https:\/\/aamac.ca\/fr\/wp-json\/wp\/v2\/pages"}],"about":[{"href":"https:\/\/aamac.ca\/fr\/wp-json\/wp\/v2\/types\/page"}],"author":[{"embeddable":true,"href":"https:\/\/aamac.ca\/fr\/wp-json\/wp\/v2\/users\/2"}],"replies":[{"embeddable":true,"href":"https:\/\/aamac.ca\/fr\/wp-json\/wp\/v2\/comments?post=4365"}],"version-history":[{"count":7,"href":"https:\/\/aamac.ca\/fr\/wp-json\/wp\/v2\/pages\/4365\/revisions"}],"predecessor-version":[{"id":4587,"href":"https:\/\/aamac.ca\/fr\/wp-json\/wp\/v2\/pages\/4365\/revisions\/4587"}],"wp:attachment":[{"href":"https:\/\/aamac.ca\/fr\/wp-json\/wp\/v2\/media?parent=4365"}],"curies":[{"name":"wp","href":"https:\/\/api.w.org\/{rel}","templated":true}]}}