{"id":3674,"date":"2021-12-23T16:24:54","date_gmt":"2021-12-23T21:24:54","guid":{"rendered":"https:\/\/aamac.ca\/?page_id=3674"},"modified":"2026-03-02T15:33:21","modified_gmt":"2026-03-02T20:33:21","slug":"planned-giving-3-2","status":"publish","type":"page","link":"https:\/\/aamac.ca\/fr\/planned-giving-3-2\/","title":{"rendered":"Don plani\ufb01\u00e9"},"content":{"rendered":"<p><\/p>\n<h5>La planification d\u2019un don \u00e0 un organisme de bienfaisance t\u00e9moigne d\u2019un esprit philanthropique empreint de consid\u00e9ration, et vise \u00e0 encourager les organismes auxquels vous croyez vraiment, ce qui en retour profite \u00e0 la soci\u00e9t\u00e9 dans son ensemble. Merci d\u2019envisager un don \u00e0 l\u2019ACAAM. Cr\u00e9ez un legs pour aider de futurs patients atteints d\u2019insuffisance m\u00e9dullaire et leurs proches gr\u00e2ce \u00e0 des programmes d\u2019\u00e9ducation et des services de soutien. Pourquoi ne pas songer \u00e0 inclure un don successoral \u00e0 l\u2019ACAAM dans votre testament?<\/h5>\n<p><img loading=\"lazy\" decoding=\"async\" class=\"alignright wp-image-3624\" src=\"https:\/\/aamac.ca\/wp-content\/uploads\/2021\/12\/Screen-Shot-2021-12-23-at-11.11.44-263x300.png\" alt=\"\" width=\"295\" height=\"337\" srcset=\"https:\/\/aamac.ca\/wp-content\/uploads\/2021\/12\/Screen-Shot-2021-12-23-at-11.11.44-263x300.png 263w, https:\/\/aamac.ca\/wp-content\/uploads\/2021\/12\/Screen-Shot-2021-12-23-at-11.11.44-131x150.png 131w, https:\/\/aamac.ca\/wp-content\/uploads\/2021\/12\/Screen-Shot-2021-12-23-at-11.11.44.png 362w\" sizes=\"(max-width: 295px) 100vw, 295px\" \/>Les dons testamentaires peuvent avoir un impact incroyable sur le travail que nous faisons pour financer la recherche, partager les connaissances et offrir du soutien aux patients et \u00e0 leurs proches. Un million et demi de Canadiens ont choisi d\u2019inclure des organismes de charit\u00e9 parmi les r\u00e9cipiendaires de dons testamentaires.<\/p>\n<pre>Pour plus de renseignements au sujet de la \r\nfa\u00e7on d\u2019inclure l\u2019ACAAM dans la \r\nplanification de votre succession, \r\nn\u2019h\u00e9sitez pas \u00e0 communiquer avec notre \r\ndirectrice g\u00e9n\u00e9rale, Cindy Anthony,\r\n<a href=\"mailto:cindyanthony@aamac.ca\">cindyanthony@aamac.ca<\/a> ou \u00e0 composer \r\nle num\u00e9ro 1 888 840-0039.<\/pre>\n<p><strong><img loading=\"lazy\" decoding=\"async\" class=\"alignnone wp-image-3610 \" src=\"https:\/\/aamac.ca\/wp-content\/uploads\/2021\/12\/Screen-Shot-2021-12-22-at-14.30.29.png\" alt=\"\" width=\"369\" height=\"205\" srcset=\"https:\/\/aamac.ca\/wp-content\/uploads\/2021\/12\/Screen-Shot-2021-12-22-at-14.30.29.png 367w, https:\/\/aamac.ca\/wp-content\/uploads\/2021\/12\/Screen-Shot-2021-12-22-at-14.30.29-300x167.png 300w, https:\/\/aamac.ca\/wp-content\/uploads\/2021\/12\/Screen-Shot-2021-12-22-at-14.30.29-150x83.png 150w\" sizes=\"(max-width: 369px) 100vw, 369px\" \/><\/strong><\/p>\n<h5>MISSION<\/h5>\n<p>Offrir un r\u00e9seau de soutien continu \u00e0 tous les patients canadiens, \u00e0 leurs proches et aux professionnels de la sant\u00e9 touch\u00e9s par l\u2019an\u00e9mie aplasique, la my\u00e9lodysplasie et l\u2019HPN.<\/p>\n<h5>VISION<\/h5>\n<p>Notre vision est de soutenir tous les Canadiens et leurs proches, d\u00e8s le diagnostic de la maladie jusqu\u2019au au stade de la r\u00e9mission, en passant par le traitement.<\/p>\n<h5>\u00c0 PROPOS DE CES MALADIES<\/h5>\n<p>L\u2019an\u00e9mie aplasique est un trouble rare, mais extr\u00eamement dangereux caract\u00e9ris\u00e9 par une incapacit\u00e9 de la moelle osseuse \u00e0 fabriquer les cellules sanguines. L\u2019an\u00e9mie aplasique<br \/>\npeut \u00eatre acquise ou h\u00e9r\u00e9ditaire.<\/p>\n<p>La my\u00e9lodysplasie ressemble \u00e0 l\u2019an\u00e9mieaplasique puisque la fabrication des cellules sanguines est ralentie; toutefois, en pr\u00e9sence de my\u00e9lodysplasie, les cellules sanguines qui sont fabriqu\u00e9es ne fonctionnent pas toujours bien. Les patients atteints d\u2019an\u00e9mie aplasique qui ne re\u00e7oivent pas de greffe de moelle osseuse peuvent \u00e9voluer vers la my\u00e9lodysplasie qui, \u00e0 son tour, risque de progresser vers la leuc\u00e9mie. Une autre maladie connexe est l\u2019h\u00e9moglobinurie paroxystique nocturne (HPN), qui est caus\u00e9e par une mutation des cellules souches de la moelle osseuse. Ces cellules souches anormales produisent des plaquettes d\u00e9fectueuses associ\u00e9es \u00e0 la formation de dangereux caillots sanguins dans l\u2019organisme, et des globules rouges anormaux qui se d\u00e9gradent facilement en raison de l\u2019absence de prot\u00e9ines protectrices n\u00e9cessaires \u00e0 leur survie.<\/p>\n<p><img loading=\"lazy\" decoding=\"async\" class=\"alignnone wp-image-3609 size-full\" src=\"https:\/\/aamac.ca\/wp-content\/uploads\/2021\/12\/Screen-Shot-2021-12-22-at-14.31.05.png\" alt=\"\" width=\"353\" height=\"201\" srcset=\"https:\/\/aamac.ca\/wp-content\/uploads\/2021\/12\/Screen-Shot-2021-12-22-at-14.31.05.png 353w, https:\/\/aamac.ca\/wp-content\/uploads\/2021\/12\/Screen-Shot-2021-12-22-at-14.31.05-300x171.png 300w, https:\/\/aamac.ca\/wp-content\/uploads\/2021\/12\/Screen-Shot-2021-12-22-at-14.31.05-150x85.png 150w\" sizes=\"(max-width: 353px) 100vw, 353px\" \/><\/p>\n<h5>QUI SOMMES-NOUS?<\/h5>\n<p>L\u2019ACAAM est un organisme \u00e0 but non lucratif national enregistr\u00e9 et constitu\u00e9 en vertu de la loi f\u00e9d\u00e9rale qui a \u00e9t\u00e9 fond\u00e9 en 1987. L\u2019ACAAM est guid\u00e9e par les d\u00e9vou\u00e9s membres b\u00e9n\u00e9voles de son conseil d\u2019administration et par une \u00e9quipe distingu\u00e9e de conseillers m\u00e9dicaux de partout au Canada.<\/p>","protected":false},"excerpt":{"rendered":"<p>La planification d\u2019un don \u00e0 un organisme de bienfaisance t\u00e9moigne d\u2019un esprit philanthropique empreint de consid\u00e9ration, et vise \u00e0 encourager les organismes auxquels vous croyez vraiment, ce qui en retour profite \u00e0 la soci\u00e9t\u00e9 dans son ensemble. Merci d\u2019envisager un don \u00e0 l\u2019ACAAM. Cr\u00e9ez un legs pour aider de futurs patients atteints d\u2019insuffisance m\u00e9dullaire et [&hellip;]<\/p>\n","protected":false},"author":2,"featured_media":3639,"parent":0,"menu_order":0,"comment_status":"closed","ping_status":"closed","template":"","meta":{"inline_featured_image":false,"footnotes":""},"acf":[],"aioseo_notices":[],"_links":{"self":[{"href":"https:\/\/aamac.ca\/fr\/wp-json\/wp\/v2\/pages\/3674"}],"collection":[{"href":"https:\/\/aamac.ca\/fr\/wp-json\/wp\/v2\/pages"}],"about":[{"href":"https:\/\/aamac.ca\/fr\/wp-json\/wp\/v2\/types\/page"}],"author":[{"embeddable":true,"href":"https:\/\/aamac.ca\/fr\/wp-json\/wp\/v2\/users\/2"}],"replies":[{"embeddable":true,"href":"https:\/\/aamac.ca\/fr\/wp-json\/wp\/v2\/comments?post=3674"}],"version-history":[{"count":1,"href":"https:\/\/aamac.ca\/fr\/wp-json\/wp\/v2\/pages\/3674\/revisions"}],"predecessor-version":[{"id":4725,"href":"https:\/\/aamac.ca\/fr\/wp-json\/wp\/v2\/pages\/3674\/revisions\/4725"}],"wp:featuredmedia":[{"embeddable":true,"href":"https:\/\/aamac.ca\/fr\/wp-json\/wp\/v2\/media\/3639"}],"wp:attachment":[{"href":"https:\/\/aamac.ca\/fr\/wp-json\/wp\/v2\/media?parent=3674"}],"curies":[{"name":"wp","href":"https:\/\/api.w.org\/{rel}","templated":true}]}}