{"id":301,"date":"2017-08-22T14:49:59","date_gmt":"2017-08-22T14:49:59","guid":{"rendered":"http:\/\/aamac.ca\/?page_id=301"},"modified":"2020-11-25T09:16:01","modified_gmt":"2020-11-25T14:16:01","slug":"videos","status":"publish","type":"page","link":"https:\/\/aamac.ca\/fr\/videos\/","title":{"rendered":"Vid\u00e9os"},"content":{"rendered":"<p class=\"qtranxs-available-languages-message qtranxs-available-languages-message-fr\">D\u00e9sol\u00e9, cet article est seulement disponible en <a href=\"https:\/\/aamac.ca\/en\/wp-json\/wp\/v2\/pages\/301\" class=\"qtranxs-available-language-link qtranxs-available-language-link-en\" title=\"English\">Anglais Am\u00e9ricain<\/a>.<\/p><p><\/p>\n<pre>Please check the Resources page under the Presentations tab for any handouts from a webinar.\u00a0\u00a0\r\nNOTE: Not all webinars will have an associated handout.<\/pre>\n<p><\/p>","protected":false},"excerpt":{"rendered":"<p>D\u00e9sol\u00e9, cet article est seulement disponible en Anglais Am\u00e9ricain. Please check the Resources page under the Presentations tab for any handouts from a webinar.\u00a0\u00a0 NOTE: Not all webinars will have an associated handout.<\/p>\n","protected":false},"author":3,"featured_media":1186,"parent":0,"menu_order":0,"comment_status":"closed","ping_status":"closed","template":"","meta":{"inline_featured_image":false,"footnotes":""},"acf":[],"aioseo_notices":[],"_links":{"self":[{"href":"https:\/\/aamac.ca\/fr\/wp-json\/wp\/v2\/pages\/301"}],"collection":[{"href":"https:\/\/aamac.ca\/fr\/wp-json\/wp\/v2\/pages"}],"about":[{"href":"https:\/\/aamac.ca\/fr\/wp-json\/wp\/v2\/types\/page"}],"author":[{"embeddable":true,"href":"https:\/\/aamac.ca\/fr\/wp-json\/wp\/v2\/users\/3"}],"replies":[{"embeddable":true,"href":"https:\/\/aamac.ca\/fr\/wp-json\/wp\/v2\/comments?post=301"}],"version-history":[{"count":0,"href":"https:\/\/aamac.ca\/fr\/wp-json\/wp\/v2\/pages\/301\/revisions"}],"wp:featuredmedia":[{"embeddable":true,"href":"https:\/\/aamac.ca\/fr\/wp-json\/wp\/v2\/media\/1186"}],"wp:attachment":[{"href":"https:\/\/aamac.ca\/fr\/wp-json\/wp\/v2\/media?parent=301"}],"curies":[{"name":"wp","href":"https:\/\/api.w.org\/{rel}","templated":true}]}}