{"id":28,"date":"2017-07-21T09:57:15","date_gmt":"2017-07-21T09:57:15","guid":{"rendered":"http:\/\/aamac.ca\/?page_id=28"},"modified":"2026-03-02T09:28:51","modified_gmt":"2026-03-02T14:28:51","slug":"donate","status":"publish","type":"page","link":"https:\/\/aamac.ca\/fr\/donate\/","title":{"rendered":"faire un don"},"content":{"rendered":"<p><strong>Les r\u00e9unions des groupes de soutien aux patients, les ressources et les programmes sont rendus possibles gr\u00e2ce \u00e0 votre bont\u00e9 et \u00e0 vos dons g\u00e9n\u00e9reux. Merci.<\/strong><\/p>\n<p>Cliquez sur la touche FAIRE UN DON MAINTENANT pour faire un don par carte de cr\u00e9dit.<\/p>\n<p><a href=\"https:\/\/ots.sumacpages.com\/sumac\/sumac_start_new_session.php?package=donation2&amp;userfolder=..\/ORG\/aamac&amp;strings=sumac_stringsfr.settings\"><img loading=\"lazy\" decoding=\"async\" class=\"alignnone wp-image-4193 size-full\" src=\"https:\/\/aamac.ca\/wp-content\/uploads\/2023\/03\/DONATE-NOW-2.png\" alt=\"\" width=\"200\" height=\"70\" srcset=\"https:\/\/aamac.ca\/wp-content\/uploads\/2023\/03\/DONATE-NOW-2.png 200w, https:\/\/aamac.ca\/wp-content\/uploads\/2023\/03\/DONATE-NOW-2-150x53.png 150w\" sizes=\"(max-width: 200px) 100vw, 200px\" \/><\/a><\/p>\n<p><em><strong>Un re\u00e7u pour fins d\u2019imp\u00f4ts vous sera automatiquement \u00e9mis et envoy\u00e9 par courriel pour les dons faits en ligne. Si vous ne recevez pas votre re\u00e7u pour fins d\u2019imp\u00f4ts ou si vous avez de la difficult\u00e9 \u00e0 y acc\u00e9der, veuillez nous envoyer un courriel \u00e0 l\u2019adresse <a href=\"mailto:info@aamac.ca\">info@aamac.ca<\/a><\/strong><\/em><\/p>\n<h1>AUTRES FA\u00c7ONS DE DONNER<\/h1>\n<p><\/p>","protected":false},"excerpt":{"rendered":"<p>Les r\u00e9unions des groupes de soutien aux patients, les ressources et les programmes sont rendus possibles gr\u00e2ce \u00e0 votre bont\u00e9 et \u00e0 vos dons g\u00e9n\u00e9reux. Merci. Cliquez sur la touche FAIRE UN DON MAINTENANT pour faire un don par carte de cr\u00e9dit. Un re\u00e7u pour fins d\u2019imp\u00f4ts vous sera automatiquement \u00e9mis et envoy\u00e9 par courriel [&hellip;]<\/p>\n","protected":false},"author":3,"featured_media":3034,"parent":0,"menu_order":0,"comment_status":"closed","ping_status":"closed","template":"","meta":{"inline_featured_image":false,"footnotes":""},"acf":[],"aioseo_notices":[],"_links":{"self":[{"href":"https:\/\/aamac.ca\/fr\/wp-json\/wp\/v2\/pages\/28"}],"collection":[{"href":"https:\/\/aamac.ca\/fr\/wp-json\/wp\/v2\/pages"}],"about":[{"href":"https:\/\/aamac.ca\/fr\/wp-json\/wp\/v2\/types\/page"}],"author":[{"embeddable":true,"href":"https:\/\/aamac.ca\/fr\/wp-json\/wp\/v2\/users\/3"}],"replies":[{"embeddable":true,"href":"https:\/\/aamac.ca\/fr\/wp-json\/wp\/v2\/comments?post=28"}],"version-history":[{"count":3,"href":"https:\/\/aamac.ca\/fr\/wp-json\/wp\/v2\/pages\/28\/revisions"}],"predecessor-version":[{"id":4687,"href":"https:\/\/aamac.ca\/fr\/wp-json\/wp\/v2\/pages\/28\/revisions\/4687"}],"wp:featuredmedia":[{"embeddable":true,"href":"https:\/\/aamac.ca\/fr\/wp-json\/wp\/v2\/media\/3034"}],"wp:attachment":[{"href":"https:\/\/aamac.ca\/fr\/wp-json\/wp\/v2\/media?parent=28"}],"curies":[{"name":"wp","href":"https:\/\/api.w.org\/{rel}","templated":true}]}}