{"id":235,"date":"2017-08-07T14:55:08","date_gmt":"2017-08-07T14:55:08","guid":{"rendered":"http:\/\/aamac.ca\/?page_id=235"},"modified":"2026-03-02T16:26:45","modified_gmt":"2026-03-02T21:26:45","slug":"meeting-events","status":"publish","type":"page","link":"https:\/\/aamac.ca\/fr\/meeting-events\/","title":{"rendered":"R\u00e9union et \u00e9v\u00e9nements"},"content":{"rendered":"<p>Les r\u00e9unions des groupes d\u2019entraide et les Journ\u00e9es \u00e9ducatives annuelles pour les patients sont gratuites pour les patients, les aidants et les professionnels de la sant\u00e9. Nous esp\u00e9rons vous voir \u00e0 l\u2019occasion d\u2019une de ces r\u00e9unions.<\/p>","protected":false},"excerpt":{"rendered":"<p>Les r\u00e9unions des groupes d\u2019entraide et les Journ\u00e9es \u00e9ducatives annuelles pour les patients sont gratuites pour les patients, les aidants et les professionnels de la sant\u00e9. Nous esp\u00e9rons vous voir \u00e0 l\u2019occasion d\u2019une de ces r\u00e9unions.<\/p>\n","protected":false},"author":3,"featured_media":1184,"parent":0,"menu_order":0,"comment_status":"closed","ping_status":"closed","template":"","meta":{"inline_featured_image":false,"footnotes":""},"acf":[],"aioseo_notices":[],"_links":{"self":[{"href":"https:\/\/aamac.ca\/fr\/wp-json\/wp\/v2\/pages\/235"}],"collection":[{"href":"https:\/\/aamac.ca\/fr\/wp-json\/wp\/v2\/pages"}],"about":[{"href":"https:\/\/aamac.ca\/fr\/wp-json\/wp\/v2\/types\/page"}],"author":[{"embeddable":true,"href":"https:\/\/aamac.ca\/fr\/wp-json\/wp\/v2\/users\/3"}],"replies":[{"embeddable":true,"href":"https:\/\/aamac.ca\/fr\/wp-json\/wp\/v2\/comments?post=235"}],"version-history":[{"count":4,"href":"https:\/\/aamac.ca\/fr\/wp-json\/wp\/v2\/pages\/235\/revisions"}],"predecessor-version":[{"id":4736,"href":"https:\/\/aamac.ca\/fr\/wp-json\/wp\/v2\/pages\/235\/revisions\/4736"}],"wp:featuredmedia":[{"embeddable":true,"href":"https:\/\/aamac.ca\/fr\/wp-json\/wp\/v2\/media\/1184"}],"wp:attachment":[{"href":"https:\/\/aamac.ca\/fr\/wp-json\/wp\/v2\/media?parent=235"}],"curies":[{"name":"wp","href":"https:\/\/api.w.org\/{rel}","templated":true}]}}