{"id":2334,"date":"2019-09-09T09:12:28","date_gmt":"2019-09-09T13:12:28","guid":{"rendered":"http:\/\/aamac.ca\/?page_id=2334"},"modified":"2019-09-19T14:40:35","modified_gmt":"2019-09-19T18:40:35","slug":"wallet-card-mds","status":"publish","type":"page","link":"https:\/\/aamac.ca\/fr\/wallet-card-mds\/","title":{"rendered":"Syndromes my\u00e9lodysplasiques (SMD)"},"content":{"rendered":"<p><div class=\"frm_forms  with_frm_style frm_center_submit frm_style_formidable-style\" id=\"frm_form_20_container\" >\n<form enctype=\"multipart\/form-data\" method=\"post\" class=\"frm-show-form  frm_pro_form \" id=\"form_walletcardmds-fr\" >\n<div class=\"frm_form_fields \">\n<fieldset>\n<legend class=\"frm_screen_reader\">Wallet Card MDS -FR<\/legend>\r\n\r\n<div class=\"frm_fields_container\">\n<input type=\"hidden\" name=\"frm_action\" value=\"create\" \/>\n<input type=\"hidden\" name=\"form_id\" value=\"20\" \/>\n<input type=\"hidden\" name=\"frm_hide_fields_20\" id=\"frm_hide_fields_20\" value=\"\" \/>\n<input type=\"hidden\" name=\"form_key\" value=\"walletcardmds-fr\" \/>\n<input type=\"hidden\" name=\"item_meta[0]\" value=\"\" \/>\n<input type=\"hidden\" id=\"frm_submit_entry_20\" name=\"frm_submit_entry_20\" value=\"513bbd6b91\" \/><input type=\"hidden\" name=\"_wp_http_referer\" value=\"\/fr\/wp-json\/wp\/v2\/pages\/2334\" \/><div id=\"frm_field_172_container\" class=\"frm_form_field  frm_html_container form-field\">\n<h3 style=\"text-align: center;\">RENSEIGNEMENTS POUR L'URGENCE<\/h3>\n<h4 style=\"text-align: center;\">My\u00e9lodysplasie (ou syndrome my\u00e9lodysplasique, SMD) <\/h4>\n<\/div>\n<div id=\"frm_field_173_container\" class=\"frm_form_field form-field  frm_top_container frm_third frm_first\">\r\n    <label for=\"field_c91sw4\" id=\"field_c91sw4_label\" class=\"frm_primary_label\">Nom :\r\n        <span class=\"frm_required\"><\/span>\r\n    <\/label>\r\n    <input  type=\"text\" id=\"field_c91sw4\" name=\"item_meta[173]\" value=\"\"  data-invmsg=\"Text is invalid\" aria-invalid=\"false\"   \/>\r\n    \r\n    \r\n<\/div>\n<div id=\"frm_field_212_container\" class=\"frm_form_field form-field  frm_required_field frm_top_container frm_third\">\r\n    <label for=\"field_72cxw\" id=\"field_72cxw_label\" class=\"frm_primary_label\">Adresse courriel :\r\n        <span class=\"frm_required\">*<\/span>\r\n    <\/label>\r\n    <input type=\"email\" id=\"field_72cxw\" name=\"item_meta[212]\" value=\"\"  data-reqmsg=\"Adresse courriel : cannot be blank.\" aria-required=\"true\" data-invmsg=\"Text is invalid\" aria-invalid=\"false\"  \/>\r\n    \r\n    \r\n<\/div>\n<div id=\"frm_field_174_container\" class=\"frm_form_field form-field  frm_top_container frm_third\">\r\n    <label for=\"field_eli5b4\" id=\"field_eli5b4_label\" class=\"frm_primary_label\">Date du diagnostic :\r\n        <span class=\"frm_required\"><\/span>\r\n    <\/label>\r\n    <input type=\"text\" id=\"field_eli5b4\" name=\"item_meta[174]\" value=\"\"  data-invmsg=\"Text is invalid\" class=\"frm_date\" aria-invalid=\"false\"  \/>\r\n    \r\n    \r\n<\/div>\n<div id=\"frm_field_175_container\" class=\"frm_form_field form-field  frm_top_container frm_half frm_first\">\r\n    <label for=\"field_1oobv4\" id=\"field_1oobv4_label\" class=\"frm_primary_label\">Type sanguin :\r\n        <span class=\"frm_required\"><\/span>\r\n    <\/label>\r\n    <input  type=\"text\" id=\"field_1oobv4\" name=\"item_meta[175]\" value=\"\"  data-invmsg=\"Text is invalid\" aria-invalid=\"false\"   \/>\r\n    \r\n    \r\n<\/div>\n<div id=\"frm_field_176_container\" class=\"frm_form_field form-field  frm_top_container frm_half\">\r\n    <label for=\"field_g3eot4\" id=\"field_g3eot4_label\" class=\"frm_primary_label\">Anticorps connus :\r\n        <span class=\"frm_required\"><\/span>\r\n    <\/label>\r\n    <input  type=\"text\" id=\"field_g3eot4\" name=\"item_meta[176]\" value=\"\"  data-invmsg=\"Text is invalid\" aria-invalid=\"false\"   \/>\r\n    \r\n    \r\n<\/div>\n<div id=\"frm_field_177_container\" class=\"frm_form_field form-field  frm_top_container frm_third frm_first\">\r\n    <label for=\"field_4cwiq4\" id=\"field_4cwiq4_label\" class=\"frm_primary_label\">Allergies m\u00e9dicamenteuses :\r\n        <span class=\"frm_required\"><\/span>\r\n    <\/label>\r\n    <input  type=\"text\" id=\"field_4cwiq4\" name=\"item_meta[177]\" value=\"\"  data-invmsg=\"Text is invalid\" aria-invalid=\"false\"   \/>\r\n    \r\n    \r\n<\/div>\n<div id=\"frm_field_178_container\" class=\"frm_form_field form-field  frm_top_container frm_third\">\r\n    <label for=\"field_sah0n4\" id=\"field_sah0n4_label\" class=\"frm_primary_label\">M\u00e9decin :\r\n        <span class=\"frm_required\"><\/span>\r\n    <\/label>\r\n    <input  type=\"text\" id=\"field_sah0n4\" name=\"item_meta[178]\" value=\"\"  data-invmsg=\"Text is invalid\" aria-invalid=\"false\"   \/>\r\n    \r\n    \r\n<\/div>\n<div id=\"frm_field_179_container\" class=\"frm_form_field form-field  frm_top_container frm_third\">\r\n    <label for=\"field_w2pjz4\" id=\"field_w2pjz4_label\" class=\"frm_primary_label\">H\u00f4pital : \r\n        <span class=\"frm_required\"><\/span>\r\n    <\/label>\r\n    <input  type=\"text\" id=\"field_w2pjz4\" name=\"item_meta[179]\" value=\"\"  data-invmsg=\"Text is invalid\" aria-invalid=\"false\"   \/>\r\n    \r\n    \r\n<\/div>\n<div id=\"frm_field_180_container\" class=\"frm_form_field  frm_html_container form-field\"><strong>G\u00e9n\u00e9ralit\u00e9s : <\/strong>La my\u00e9lodysplasie est une forme d'insu\ufb03sance m\u00e9dullaire qui entra\u00eene divers degr\u00e9s de cytop\u00e9nies. De plus, les cellules produites ne fonctionnent pas toujours normalement. Les patients peuvent sou\ufb00rir d'an\u00e9mie, \u00eatre sujets \u00e0 des infections dues \u00e0 la neutrop\u00e9nie et\/ou \u00e0 des saignements dus \u00e0 la thrombocytop\u00e9nie.\n<\/div>\n<div id=\"frm_field_181_container\" class=\"frm_form_field form-field  frm_top_container\">\r\n    <label for=\"field_9z11q4\" id=\"field_9z11q4_label\" class=\"frm_primary_label\">Sp\u00e9cificit\u00e9s :\r\n        <span class=\"frm_required\"><\/span>\r\n    <\/label>\r\n    <textarea name=\"item_meta[181]\" id=\"field_9z11q4\" rows=\"5\"  data-invmsg=\"Sp\u00e9cificit\u00e9s : est non valide\" aria-invalid=\"false\"  ><\/textarea>\r\n    \r\n    \r\n<\/div>\n<div id=\"frm_field_182_container\" class=\"frm_form_field form-field  frm_top_container\">\r\n    <label for=\"field_tbd9m4\" id=\"field_tbd9m4_label\" class=\"frm_primary_label\">Traitement actuel : \r\n        <span class=\"frm_required\"><\/span>\r\n    <\/label>\r\n    <textarea name=\"item_meta[182]\" id=\"field_tbd9m4\" rows=\"5\"  data-invmsg=\"Traitement actuel :  est non valide\" aria-invalid=\"false\"  ><\/textarea>\r\n    \r\n    \r\n<\/div>\n<div id=\"frm_field_183_container\" class=\"frm_form_field form-field  frm_top_container\">\r\n    <label for=\"field_5qahk4\" id=\"field_5qahk4_label\" class=\"frm_primary_label\">Autres renseignements :\r\n        <span class=\"frm_required\"><\/span>\r\n    <\/label>\r\n    <textarea name=\"item_meta[183]\" id=\"field_5qahk4\" rows=\"5\"  data-invmsg=\"Autres renseignements : est non valide\" aria-invalid=\"false\"  ><\/textarea>\r\n    \r\n    \r\n<\/div>\n\t<input type=\"hidden\" name=\"item_key\" value=\"\" \/>\n\t\t\t<div id=\"frm_field_311_container\">\n\t\t\t<label for=\"field_hg9rf\" >\n\t\t\t\tSi vous \u00eates un humain, ne remplissez pas ce champ.\t\t\t<\/label>\n\t\t\t<input  id=\"field_hg9rf\" type=\"text\" class=\"frm_form_field form-field frm_verify\" name=\"item_meta[311]\" value=\"\"  \/>\n\t\t<\/div>\n\t\t<input name=\"frm_state\" type=\"hidden\" value=\"o0SmQgc+HgerWGf9VQwl\/MKC3PyvCvI9h5oB+WJ9IK\/OHs8hGl8\/Imb+g94upTxQ\" \/><div class=\"frm_submit\">\r\n\r\n<button class=\"frm_button_submit frm_final_submit\" type=\"submit\"   formnovalidate=\"formnovalidate\">Submit<\/button>\r\n\r\n<\/div><\/div>\n<\/fieldset>\n<\/div>\n\n<\/form>\n<\/div>\n<\/p>","protected":false},"excerpt":{"rendered":"","protected":false},"author":3,"featured_media":0,"parent":0,"menu_order":0,"comment_status":"closed","ping_status":"closed","template":"","meta":{"inline_featured_image":false,"footnotes":""},"acf":[],"aioseo_notices":[],"_links":{"self":[{"href":"https:\/\/aamac.ca\/fr\/wp-json\/wp\/v2\/pages\/2334"}],"collection":[{"href":"https:\/\/aamac.ca\/fr\/wp-json\/wp\/v2\/pages"}],"about":[{"href":"https:\/\/aamac.ca\/fr\/wp-json\/wp\/v2\/types\/page"}],"author":[{"embeddable":true,"href":"https:\/\/aamac.ca\/fr\/wp-json\/wp\/v2\/users\/3"}],"replies":[{"embeddable":true,"href":"https:\/\/aamac.ca\/fr\/wp-json\/wp\/v2\/comments?post=2334"}],"version-history":[{"count":0,"href":"https:\/\/aamac.ca\/fr\/wp-json\/wp\/v2\/pages\/2334\/revisions"}],"wp:attachment":[{"href":"https:\/\/aamac.ca\/fr\/wp-json\/wp\/v2\/media?parent=2334"}],"curies":[{"name":"wp","href":"https:\/\/api.w.org\/{rel}","templated":true}]}}