{"id":2325,"date":"2019-09-09T08:40:58","date_gmt":"2019-09-09T12:40:58","guid":{"rendered":"http:\/\/aamac.ca\/?page_id=2325"},"modified":"2020-11-12T15:51:56","modified_gmt":"2020-11-12T20:51:56","slug":"emergency-room-cards","status":"publish","type":"page","link":"https:\/\/aamac.ca\/fr\/emergency-room-cards\/","title":{"rendered":"Cartes de salle d&rsquo;urgence"},"content":{"rendered":"<p><a href=\"http:\/\/aamac.ca\/fr\/wallet-card-aa\/\">An\u00e9mie aplasique (AA)<\/a><\/p>\n<p><a href=\"http:\/\/aamac.ca\/fr\/wallet-card-mds\/\">Syndromes my\u00e9lodysplasiques (SMD)<\/a><\/p>\n<p><a href=\"https:\/\/aamac.ca\/fr\/wallet-card-pnh\/\">H\u00e9moglobinurie paroxystique nocturne (HPN)<\/a><\/p>","protected":false},"excerpt":{"rendered":"<p>An\u00e9mie aplasique (AA) Syndromes my\u00e9lodysplasiques (SMD) H\u00e9moglobinurie paroxystique nocturne (HPN)<\/p>\n","protected":false},"author":3,"featured_media":3056,"parent":0,"menu_order":0,"comment_status":"closed","ping_status":"closed","template":"","meta":{"inline_featured_image":false,"footnotes":""},"acf":[],"aioseo_notices":[],"_links":{"self":[{"href":"https:\/\/aamac.ca\/fr\/wp-json\/wp\/v2\/pages\/2325"}],"collection":[{"href":"https:\/\/aamac.ca\/fr\/wp-json\/wp\/v2\/pages"}],"about":[{"href":"https:\/\/aamac.ca\/fr\/wp-json\/wp\/v2\/types\/page"}],"author":[{"embeddable":true,"href":"https:\/\/aamac.ca\/fr\/wp-json\/wp\/v2\/users\/3"}],"replies":[{"embeddable":true,"href":"https:\/\/aamac.ca\/fr\/wp-json\/wp\/v2\/comments?post=2325"}],"version-history":[{"count":0,"href":"https:\/\/aamac.ca\/fr\/wp-json\/wp\/v2\/pages\/2325\/revisions"}],"wp:featuredmedia":[{"embeddable":true,"href":"https:\/\/aamac.ca\/fr\/wp-json\/wp\/v2\/media\/3056"}],"wp:attachment":[{"href":"https:\/\/aamac.ca\/fr\/wp-json\/wp\/v2\/media?parent=2325"}],"curies":[{"name":"wp","href":"https:\/\/api.w.org\/{rel}","templated":true}]}}