{"id":2174,"date":"2019-08-21T16:27:22","date_gmt":"2019-08-21T20:27:22","guid":{"rendered":"http:\/\/aamac.ca\/?page_id=2174"},"modified":"2024-05-17T13:51:52","modified_gmt":"2024-05-17T17:51:52","slug":"resource-books-available","status":"publish","type":"page","link":"https:\/\/aamac.ca\/fr\/resource-books-available\/","title":{"rendered":"T\u00c9L\u00c9CHARGEZ OU COMMANDEZ NOS LIVRETS D&rsquo;INFORMATION GRATUITS"},"content":{"rendered":"<p>Les documents suivants sont disponibles. <strong>Veuillez remplir le bon de commande ci-dessous pour les obtenir. <\/strong><\/p>\n<p>Des liens vers les documents qui sont accessibles en ligne sont fournis.<br \/>\n<em>Gardez \u00e0 l\u2019esprit que plusieurs de ces documents sont am\u00e9ricains et que certains traitements mentionn\u00e9s pourraient ne pas \u00eatre disponibles au Canada<\/em><\/p>","protected":false},"excerpt":{"rendered":"<p>Les documents suivants sont disponibles. Veuillez remplir le bon de commande ci-dessous pour les obtenir. Des liens vers les documents qui sont accessibles en ligne sont fournis. Gardez \u00e0 l\u2019esprit que plusieurs de ces documents sont am\u00e9ricains et que certains traitements mentionn\u00e9s pourraient ne pas \u00eatre disponibles au Canada<\/p>\n","protected":false},"author":2,"featured_media":3032,"parent":0,"menu_order":0,"comment_status":"closed","ping_status":"closed","template":"","meta":{"inline_featured_image":false,"footnotes":""},"acf":[],"aioseo_notices":[],"_links":{"self":[{"href":"https:\/\/aamac.ca\/fr\/wp-json\/wp\/v2\/pages\/2174"}],"collection":[{"href":"https:\/\/aamac.ca\/fr\/wp-json\/wp\/v2\/pages"}],"about":[{"href":"https:\/\/aamac.ca\/fr\/wp-json\/wp\/v2\/types\/page"}],"author":[{"embeddable":true,"href":"https:\/\/aamac.ca\/fr\/wp-json\/wp\/v2\/users\/2"}],"replies":[{"embeddable":true,"href":"https:\/\/aamac.ca\/fr\/wp-json\/wp\/v2\/comments?post=2174"}],"version-history":[{"count":16,"href":"https:\/\/aamac.ca\/fr\/wp-json\/wp\/v2\/pages\/2174\/revisions"}],"predecessor-version":[{"id":4465,"href":"https:\/\/aamac.ca\/fr\/wp-json\/wp\/v2\/pages\/2174\/revisions\/4465"}],"wp:featuredmedia":[{"embeddable":true,"href":"https:\/\/aamac.ca\/fr\/wp-json\/wp\/v2\/media\/3032"}],"wp:attachment":[{"href":"https:\/\/aamac.ca\/fr\/wp-json\/wp\/v2\/media?parent=2174"}],"curies":[{"name":"wp","href":"https:\/\/api.w.org\/{rel}","templated":true}]}}