{"id":18,"date":"2017-07-21T09:55:56","date_gmt":"2017-07-21T09:55:56","guid":{"rendered":"http:\/\/aamac.ca\/?page_id=18"},"modified":"2023-06-10T12:41:58","modified_gmt":"2023-06-10T16:41:58","slug":"research","status":"publish","type":"page","link":"https:\/\/aamac.ca\/fr\/research\/","title":{"rendered":"Recherche"},"content":{"rendered":"<p>L\u2019ACAAM subventionne la recherche sur les insuffisances m\u00e9dullaires comme l&rsquo;an\u00e9mie aplasique, l\u2019HPN et les SMD. Voici quelques-unes des recherches que l\u2019ACAAM est fi\u00e8re d&rsquo;avoir soutenues.<\/p>\n<p>Si vous avez un projet de recherche qui vous tient \u00e0 c\u0153ur et souhaitez obtenir du financement, <a href=\"http:\/\/aamac.ca\/contact-us\/\">communiquez avec nous<\/a>.<\/p>","protected":false},"excerpt":{"rendered":"<p>L\u2019ACAAM subventionne la recherche sur les insuffisances m\u00e9dullaires comme l&rsquo;an\u00e9mie aplasique, l\u2019HPN et les SMD. Voici quelques-unes des recherches que l\u2019ACAAM est fi\u00e8re d&rsquo;avoir soutenues. Si vous avez un projet de recherche qui vous tient \u00e0 c\u0153ur et souhaitez obtenir du financement, communiquez avec nous.<\/p>\n","protected":false},"author":3,"featured_media":158,"parent":0,"menu_order":0,"comment_status":"closed","ping_status":"closed","template":"","meta":{"inline_featured_image":false,"footnotes":""},"acf":[],"aioseo_notices":[],"_links":{"self":[{"href":"https:\/\/aamac.ca\/fr\/wp-json\/wp\/v2\/pages\/18"}],"collection":[{"href":"https:\/\/aamac.ca\/fr\/wp-json\/wp\/v2\/pages"}],"about":[{"href":"https:\/\/aamac.ca\/fr\/wp-json\/wp\/v2\/types\/page"}],"author":[{"embeddable":true,"href":"https:\/\/aamac.ca\/fr\/wp-json\/wp\/v2\/users\/3"}],"replies":[{"embeddable":true,"href":"https:\/\/aamac.ca\/fr\/wp-json\/wp\/v2\/comments?post=18"}],"version-history":[{"count":0,"href":"https:\/\/aamac.ca\/fr\/wp-json\/wp\/v2\/pages\/18\/revisions"}],"wp:featuredmedia":[{"embeddable":true,"href":"https:\/\/aamac.ca\/fr\/wp-json\/wp\/v2\/media\/158"}],"wp:attachment":[{"href":"https:\/\/aamac.ca\/fr\/wp-json\/wp\/v2\/media?parent=18"}],"curies":[{"name":"wp","href":"https:\/\/api.w.org\/{rel}","templated":true}]}}